{"id":12,"date":"2016-09-20T05:10:06","date_gmt":"2016-09-20T05:10:06","guid":{"rendered":"http:\/\/apressthemes.com\/demo3\/?page_id=12"},"modified":"2019-12-28T15:15:06","modified_gmt":"2019-12-28T15:15:06","slug":"iletisim","status":"publish","type":"page","link":"https:\/\/aryayapimevi.com\/index.php\/iletisim\/","title":{"rendered":"\u0130LET\u0130\u015e\u0130M"},"content":{"rendered":"<p>[vc_row][vc_column css=&#8221;.vc_custom_1475232220540{padding-bottom: 164px !important;}&#8221;]<div id=\"ultimate-heading-350969f48b3e59aaa\" class=\"uvc-heading ult-adjust-bottom-margin ultimate-heading-350969f48b3e59aaa uvc-7597 \" data-hspacer=\"image_only\"  data-halign=\"center\" style=\"text-align:center\"><div class=\"uvc-main-heading ult-responsive\"  data-ultimate-target='.uvc-heading.ultimate-heading-350969f48b3e59aaa h2'  data-responsive-json-new='{\"font-size\":\"desktop:80px;tablet:80px;tablet_portrait:80px;mobile_landscape:55px;mobile:55px;\",\"line-height\":\"desktop:100px;tablet:100px;tablet_portrait:100px;mobile_landscape:55px;mobile:55px;\"}' ><h2 style=\"font-weight:normal;color:#1c1c1c;margin-top:183px;\">\u0130leti\u015fim<\/h2><\/div><div class=\"uvc-heading-spacer image_only\" style=\"margin-top:-8px;margin-bottom:8px;\"><img decoding=\"async\" src=\"https:\/\/aryayapimevi.com\/wp-content\/uploads\/2016\/09\/separater_2.png\" class=\"ultimate-headings-icon-image\" alt=\"null\" style=\"width:69px\"\/><\/div><\/div><div role=\"form\" class=\"wpcf7\" id=\"wpcf7-f314-o1\" lang=\"en-US\" dir=\"ltr\">\n<div class=\"screen-reader-response\"><p role=\"status\" aria-live=\"polite\" aria-atomic=\"true\"><\/p> <ul><\/ul><\/div>\n<form action=\"\/index.php\/wp-json\/wp\/v2\/pages\/12#wpcf7-f314-o1\" method=\"post\" class=\"wpcf7-form init\" novalidate=\"novalidate\" data-status=\"init\">\n<div style=\"display: none;\">\n<input type=\"hidden\" name=\"_wpcf7\" value=\"314\" \/>\n<input type=\"hidden\" name=\"_wpcf7_version\" value=\"5.3.2\" \/>\n<input type=\"hidden\" name=\"_wpcf7_locale\" value=\"en_US\" \/>\n<input type=\"hidden\" name=\"_wpcf7_unit_tag\" value=\"wpcf7-f314-o1\" \/>\n<input type=\"hidden\" name=\"_wpcf7_container_post\" value=\"0\" \/>\n<input type=\"hidden\" name=\"_wpcf7_posted_data_hash\" value=\"\" \/>\n<\/div>\n<ul class=\"contact_form zt_input_icon medium_buttton\">\n<li class=\"one_half\"><span class=\"wpcf7-form-control-wrap your-name\"><input type=\"text\" name=\"your-name\" value=\"\" size=\"40\" class=\"wpcf7-form-control wpcf7-text wpcf7-validates-as-required\" aria-required=\"true\" aria-invalid=\"false\" placeholder=\"Ad\u0131n\u0131z\" \/><\/span> <\/li>\n<li class=\"one_half\"><span class=\"wpcf7-form-control-wrap your-email\"><input type=\"email\" name=\"your-email\" value=\"\" size=\"40\" class=\"wpcf7-form-control wpcf7-text wpcf7-email wpcf7-validates-as-required wpcf7-validates-as-email\" aria-required=\"true\" aria-invalid=\"false\" placeholder=\"Eposta Adresiniz\" \/><\/span> <\/li>\n<li class=\"one_half\"><span class=\"wpcf7-form-control-wrap your-subject\"><input type=\"text\" name=\"your-subject\" value=\"\" size=\"40\" class=\"wpcf7-form-control wpcf7-text\" aria-invalid=\"false\" placeholder=\"Konu\" \/><\/span> <\/li>\n<li class=\"one_half\"><span class=\"your-tel\"><span class=\"wpcf7-form-control-wrap tel-997\"><input type=\"tel\" name=\"tel-997\" value=\"\" size=\"40\" class=\"wpcf7-form-control wpcf7-text wpcf7-tel wpcf7-validates-as-tel\" aria-invalid=\"false\" placeholder=\"Telefon Numaran\u0131z\" \/><\/span><\/span><\/li>\n<li><span class=\"wpcf7-form-control-wrap your-message\"><textarea name=\"your-message\" cols=\"40\" rows=\"10\" class=\"wpcf7-form-control wpcf7-textarea\" aria-invalid=\"false\" placeholder=\"Mesaj\u0131n\u0131z\"><\/textarea><\/span> <\/li>\n<li>\n<div class=\"zt_button_icon\"><i class=\"fa fa-rocket\"><\/i><input type=\"submit\" value=\"G\u00f6nder\" class=\"wpcf7-form-control wpcf7-submit\" \/><\/div>\n<\/li>\n<\/ul>\n<div class=\"wpcf7-response-output\" aria-hidden=\"true\"><\/div><\/form><\/div>[\/vc_column][\/vc_row][vc_row bg_type=&#8221;bg_color&#8221; bg_override=&#8221;full&#8221; bg_color_value=&#8221;#ff0066&#8243; css=&#8221;.vc_custom_1577519133112{padding-top: 75px !important;padding-bottom: 93px !important;}&#8221;][vc_column width=&#8221;1\/3&#8243;][apress_icon_box iconcolor=&#8221;#ff0066&#8243; icon_hover_color=&#8221;#ffffff&#8221; icon_size=&#8221;25&#8243; icon_background_shape=&#8221;diamond&#8221; shape_size=&#8221;50&#8243; shape_background_color=&#8221;rgba(255,255,255,0.95)&#8221; iconposition=&#8221;center&#8221; iconhoverstyle1=&#8221;flip-vertical&#8221; icon_hover_bg_color=&#8221;#b216a9&#8243; contentboxtitle_size=&#8221;22&#8243; boxtitlepad=&#8221;padding-top:10|padding-bottom:5&#8243; title_desc_color=&#8221;#ffffff&#8221; icon_family=&#8221;fontawesome&#8221; icon_fontawesome=&#8221;fas fa-map-marker&#8221; contentboxtitle=&#8221;U\u011fur Mumcu Cd, 85\/1, \u00c7ankaya\/Ankara&#8221; contentboxarea=&#8221;&#8221; contentboxanimation=&#8221;fadeInUp&#8221; icon=&#8221;ty-map-marker&#8221;][\/vc_column][vc_column width=&#8221;1\/3&#8243;][apress_icon_box iconcolor=&#8221;#ff0066&#8243; icon_hover_color=&#8221;#ffffff&#8221; icon_size=&#8221;25&#8243; icon_background_shape=&#8221;diamond&#8221; shape_size=&#8221;50&#8243; shape_background_color=&#8221;rgba(255,255,255,0.95)&#8221; iconposition=&#8221;center&#8221; iconhoverstyle1=&#8221;flip-vertical&#8221; icon_hover_bg_color=&#8221;#b216a9&#8243; boxtitlepad=&#8221;padding-top:10|padding-bottom:5&#8243; title_desc_color=&#8221;#ffffff&#8221; icon_family=&#8221;fontawesome&#8221; icon_fontawesome=&#8221;fas fa-phone&#8221; contentboxtitle=&#8221;0090 549 655 86 55&#8243; contentboxarea=&#8221;&#8221; contentboxanimation=&#8221;fadeInUp&#8221; icon=&#8221;im-mobile&#8221;][\/vc_column][vc_column width=&#8221;1\/3&#8243;][apress_icon_box iconcolor=&#8221;#ff0066&#8243; icon_hover_color=&#8221;#ffffff&#8221; icon_size=&#8221;25&#8243; icon_background_shape=&#8221;diamond&#8221; shape_size=&#8221;50&#8243; shape_background_color=&#8221;rgba(255,255,255,0.95)&#8221; iconposition=&#8221;center&#8221; iconhoverstyle1=&#8221;flip-vertical&#8221; icon_hover_bg_color=&#8221;#b216a9&#8243; boxtitlepad=&#8221;padding-top:10|padding-bottom:5&#8243; title_desc_color=&#8221;#ffffff&#8221; icon_family=&#8221;fontawesome&#8221; icon_fontawesome=&#8221;fas fa-envelope&#8221; contentboxtitle=&#8221;info@aryayapimevi.com&#8221; contentboxarea=&#8221;&#8221; contentboxanimation=&#8221;fadeInUp&#8221; icon=&#8221;zm-envelope&#8221;][\/vc_column][\/vc_row][vc_row][vc_column css=&#8221;.vc_custom_1472533617781{padding-top: 0px !important;}&#8221;]<div id=\"ult-easy-separator-131860596769f48b3e5a7d0\" class=\"ult-easy-separator-wrapper ult-responsive ult-bottom-easy-separator ult-easy-separator-no-default \" style=\"transform: translate(-50%,80%)!important;-ms-transform: translate(-50%,80%)!important;-webkit-transform: translate(-50%,80%)!important;\" data-vc-row=\"wpb_row\"  data-ultimate-target='#ult-easy-separator-131860596769f48b3e5a7d0'  data-responsive-json-new='{\"width\":\"desktop:126px;\"}' ><div class=\"ult-easy-separator-inner-wrapper\"><div class=\"ult-no-animation\" style=\"opacity:0;\"   ><img decoding=\"async\" class=\"ult-easy-separator-img\" alt=\"null\" src=\"https:\/\/aryayapimevi.com\/wp-content\/uploads\/2016\/09\/image_separater_1.png\" \/><\/div><\/div><\/div>[\/vc_column][\/vc_row][vc_row full_width=&#8221;stretch_row_content_no_spaces&#8221;][vc_column][vc_gmaps link=&#8221;#E-8_JTNDaWZyYW1lJTIwc3JjJTNEJTIyaHR0cHMlM0ElMkYlMkZ3d3cuZ29vZ2xlLmNvbSUyRm1hcHMlMkZlbWJlZCUzRnBiJTNEJTIxMW0xOCUyMTFtMTIlMjExbTMlMjExZDMwNjEuMDYwMDQxMjQ4MTE2JTIxMmQzMi44NzU4NTkzMTU2Mzc0NiUyMTNkMzkuODk1Mjg3OTk1MTEwMDk1JTIxMm0zJTIxMWYwJTIxMmYwJTIxM2YwJTIxM20yJTIxMWkxMDI0JTIxMmk3NjglMjE0ZjEzLjElMjEzbTMlMjExbTIlMjExczB4MTRkMzRmZWE5YTU5Zjk3MyUyNTNBMHg3NjQzZGUwYjBjYTJlMjdhJTIxMnpRc084ZWNPOGEyVnpZWFFzSUZYRW4zVnlJRTExYldOMUlFTmtMaUJPYnpvNE5Td2dNRFkzTURBZ3c0ZGhibXRoZVdFdlFXNXJZWEpoJTIxNWUwJTIxM20yJTIxMXNlbiUyMTJzdHIlMjE0djE1Nzc1MjcxNjcxNDclMjE1bTIlMjExc2VuJTIxMnN0ciUyMiUyMHdpZHRoJTNEJTIyMjAwMCUyMiUyMGhlaWdodCUzRCUyMjM1MCUyMiUyMGZyYW1lYm9yZGVyJTNEJTIyMCUyMiUyMHN0eWxlJTNEJTIyYm9yZGVyJTNBMCUzQiUyMiUyMGFsbG93ZnVsbHNjcmVlbiUzRCUyMnllcyUyMiUzRSUzQyUyRmlmcmFtZSUzRQ==&#8221; css_animation=&#8221;bounceInUp&#8221;][\/vc_column][\/vc_row]<\/p>\n","protected":false},"excerpt":{"rendered":"<p>[vc_row][vc_column css=&#8221;.vc_custom_1475232220540{padding-bottom: 164px !important;}&#8221;][\/vc_column][\/vc_row][vc_row bg_type=&#8221;bg_color&#8221; bg_override=&#8221;full&#8221; bg_color_value=&#8221;#ff0066&#8243; css=&#8221;.vc_custom_1577519133112{padding-top: 75px !important;padding-bottom: 93px !important;}&#8221;][vc_column width=&#8221;1\/3&#8243;][apress_icon_box iconcolor=&#8221;#ff0066&#8243; icon_hover_color=&#8221;#ffffff&#8221; icon_size=&#8221;25&#8243; icon_background_shape=&#8221;diamond&#8221; shape_size=&#8221;50&#8243; shape_background_color=&#8221;rgba(255,255,255,0.95)&#8221; iconposition=&#8221;center&#8221; iconhoverstyle1=&#8221;flip-vertical&#8221; icon_hover_bg_color=&#8221;#b216a9&#8243; contentboxtitle_size=&#8221;22&#8243; boxtitlepad=&#8221;padding-top:10|padding-bottom:5&#8243; title_desc_color=&#8221;#ffffff&#8221; icon_family=&#8221;fontawesome&#8221; icon_fontawesome=&#8221;fas fa-map-marker&#8221; contentboxtitle=&#8221;U\u011fur Mumcu Cd, 85\/1, \u00c7ankaya\/Ankara&#8221; contentboxarea=&#8221;&#8221; contentboxanimation=&#8221;fadeInUp&#8221; icon=&#8221;ty-map-marker&#8221;][\/vc_column][vc_column width=&#8221;1\/3&#8243;][apress_icon_box iconcolor=&#8221;#ff0066&#8243; icon_hover_color=&#8221;#ffffff&#8221; icon_size=&#8221;25&#8243;&hellip;<\/p>\n","protected":false},"author":3,"featured_media":0,"parent":0,"menu_order":0,"comment_status":"closed","ping_status":"closed","template":"","meta":{"footnotes":""},"class_list":["post-12","page","type-page","status-publish","hentry"],"jetpack_sharing_enabled":true,"_links":{"self":[{"href":"https:\/\/aryayapimevi.com\/index.php\/wp-json\/wp\/v2\/pages\/12"}],"collection":[{"href":"https:\/\/aryayapimevi.com\/index.php\/wp-json\/wp\/v2\/pages"}],"about":[{"href":"https:\/\/aryayapimevi.com\/index.php\/wp-json\/wp\/v2\/types\/page"}],"author":[{"embeddable":true,"href":"https:\/\/aryayapimevi.com\/index.php\/wp-json\/wp\/v2\/users\/3"}],"replies":[{"embeddable":true,"href":"https:\/\/aryayapimevi.com\/index.php\/wp-json\/wp\/v2\/comments?post=12"}],"version-history":[{"count":23,"href":"https:\/\/aryayapimevi.com\/index.php\/wp-json\/wp\/v2\/pages\/12\/revisions"}],"predecessor-version":[{"id":649,"href":"https:\/\/aryayapimevi.com\/index.php\/wp-json\/wp\/v2\/pages\/12\/revisions\/649"}],"wp:attachment":[{"href":"https:\/\/aryayapimevi.com\/index.php\/wp-json\/wp\/v2\/media?parent=12"}],"curies":[{"name":"wp","href":"https:\/\/api.w.org\/{rel}","templated":true}]}}